{"id":935,"date":"2022-11-23T14:58:23","date_gmt":"2022-11-23T14:58:23","guid":{"rendered":"https:\/\/janeladasbrincadeiras.pt\/?page_id=935"},"modified":"2024-01-23T10:28:01","modified_gmt":"2024-01-23T10:28:01","slug":"innovation-jam","status":"publish","type":"page","link":"https:\/\/janeladasbrincadeiras.pt\/en\/innovation-jam\/","title":{"rendered":"Innovation Jam"},"content":{"rendered":"<div data-elementor-type=\"wp-page\" data-elementor-id=\"935\" class=\"elementor elementor-935\" data-elementor-settings=\"[]\">\n\t\t\t\t\t\t<div class=\"elementor-inner\">\n\t\t\t\t\t\t\t<div class=\"elementor-section-wrap\">\n\t\t\t\t\t\t\t<section class=\"elementor-section elementor-top-section elementor-element elementor-element-a728298 elementor-section-boxed elementor-section-height-default elementor-section-height-default\" data-id=\"a728298\" data-element_type=\"section\">\n\t\t\t\t\t\t<div class=\"elementor-container elementor-column-gap-default\">\n\t\t\t\t\t\t\t<div class=\"elementor-row\">\n\t\t\t\t\t<div class=\"elementor-column elementor-col-50 elementor-top-column elementor-element elementor-element-b23c1ac\" data-id=\"b23c1ac\" data-element_type=\"column\">\n\t\t\t<div class=\"elementor-column-wrap elementor-element-populated\">\n\t\t\t\t\t\t\t<div class=\"elementor-widget-wrap\">\n\t\t\t\t\t\t<div class=\"elementor-element elementor-element-a95a3ee elementor-widget elementor-widget-heading\" data-id=\"a95a3ee\" data-element_type=\"widget\" data-widget_type=\"heading.default\">\n\t\t\t\t<div class=\"elementor-widget-container\">\n\t\t\t<h2 class=\"elementor-heading-title elementor-size-default\">Innovation Jam\nTools and Spaces to Innovate in Youth Work \n<\/h2>\t\t<\/div>\n\t\t\t\t<\/div>\n\t\t\t\t\t\t<\/div>\n\t\t\t\t\t<\/div>\n\t\t<\/div>\n\t\t\t\t<div class=\"elementor-column elementor-col-50 elementor-top-column elementor-element elementor-element-cfb5d3b\" data-id=\"cfb5d3b\" data-element_type=\"column\">\n\t\t\t<div class=\"elementor-column-wrap elementor-element-populated\">\n\t\t\t\t\t\t\t<div class=\"elementor-widget-wrap\">\n\t\t\t\t\t\t<div class=\"elementor-element elementor-element-2936911 elementor-widget elementor-widget-image\" data-id=\"2936911\" data-element_type=\"widget\" data-widget_type=\"image.default\">\n\t\t\t\t<div class=\"elementor-widget-container\">\n\t\t\t\t\t<div class=\"elementor-image\">\n\t\t\t\t\t\t\t\t\t\t<img width=\"940\" height=\"541\" src=\"https:\/\/janeladasbrincadeiras.pt\/wp-content\/uploads\/2024\/01\/Imagem-WhatsApp-2024-01-22-as-19.50.39_d45d9169.jpg\" class=\"attachment-full size-full\" alt=\"\" decoding=\"async\" loading=\"lazy\" srcset=\"https:\/\/janeladasbrincadeiras.pt\/wp-content\/uploads\/2024\/01\/Imagem-WhatsApp-2024-01-22-as-19.50.39_d45d9169.jpg 940w, https:\/\/janeladasbrincadeiras.pt\/wp-content\/uploads\/2024\/01\/Imagem-WhatsApp-2024-01-22-as-19.50.39_d45d9169-300x173.jpg 300w, https:\/\/janeladasbrincadeiras.pt\/wp-content\/uploads\/2024\/01\/Imagem-WhatsApp-2024-01-22-as-19.50.39_d45d9169-768x442.jpg 768w, https:\/\/janeladasbrincadeiras.pt\/wp-content\/uploads\/2024\/01\/Imagem-WhatsApp-2024-01-22-as-19.50.39_d45d9169-18x10.jpg 18w\" sizes=\"(max-width: 940px) 100vw, 940px\" \/>\t\t\t\t\t\t\t\t\t\t\t<\/div>\n\t\t\t\t<\/div>\n\t\t\t\t<\/div>\n\t\t\t\t\t\t<\/div>\n\t\t\t\t\t<\/div>\n\t\t<\/div>\n\t\t\t\t\t\t\t\t<\/div>\n\t\t\t\t\t<\/div>\n\t\t<\/section>\n\t\t\t\t<section class=\"elementor-section elementor-top-section elementor-element elementor-element-a200dbd elementor-section-boxed elementor-section-height-default elementor-section-height-default\" data-id=\"a200dbd\" data-element_type=\"section\">\n\t\t\t\t\t\t<div class=\"elementor-container elementor-column-gap-default\">\n\t\t\t\t\t\t\t<div class=\"elementor-row\">\n\t\t\t\t\t<div class=\"elementor-column elementor-col-100 elementor-top-column elementor-element elementor-element-daf29ed\" data-id=\"daf29ed\" data-element_type=\"column\">\n\t\t\t<div class=\"elementor-column-wrap elementor-element-populated\">\n\t\t\t\t\t\t\t<div class=\"elementor-widget-wrap\">\n\t\t\t\t\t\t<div class=\"elementor-element elementor-element-8ab889e elementor-widget elementor-widget-spacer\" data-id=\"8ab889e\" data-element_type=\"widget\" data-widget_type=\"spacer.default\">\n\t\t\t\t<div class=\"elementor-widget-container\">\n\t\t\t\t\t<div class=\"elementor-spacer\">\n\t\t\t<div class=\"elementor-spacer-inner\"><\/div>\n\t\t<\/div>\n\t\t\t\t<\/div>\n\t\t\t\t<\/div>\n\t\t\t\t<div class=\"elementor-element elementor-element-6cbc253 elementor-widget elementor-widget-text-editor\" data-id=\"6cbc253\" data-element_type=\"widget\" data-widget_type=\"text-editor.default\">\n\t\t\t\t<div class=\"elementor-widget-container\">\n\t\t\t\t\t<div class=\"elementor-text-editor elementor-clearfix\"><p>O Curso de Forma\u00e7\u00e3o Innovation Jam&nbsp; foi implementado pela Ag\u00eancia Nacional Finlandesa para a Educa\u00e7\u00e3o.&nbsp;<\/p>\n<p>O objetivo desta forma\u00e7\u00e3o passou pela cria\u00e7\u00e3o de ferramentas que sirvam para criar ideias inovadoras para que estas sejam colocadas em pr\u00e1tica e ao servi\u00e7o da juventude, que ser\u00e3o testadas e melhoradas nos meetings posteriores ao encontro presencial,&nbsp;sendo portanto uma forma\u00e7\u00e3o direcionada para youth workers.&nbsp;<\/p>\n<p><span>Cerca de 27 youth workers&nbsp; reuniram-se para o Training Course &#8220;Innovation Jam&#8221; que aconteceu entre 15 e 19 de janeiro de 2024 em Kuusamo, na Finl\u00e2ndia.<\/span><\/p>\n<p>Participants<\/p>\n<ul>\n<li>Portugal<\/li><li>Egipto<\/li>\n<li>Eslov\u00e9nia<\/li>\n<li>Litu\u00e2nia<\/li>\n<li>Hungria<\/li>\n<li>Ge\u00f3rgia<\/li>\n<li>B\u00e9lgica<\/li>\n<li>Rep\u00fablica Checa<\/li>\n<li>Malta<\/li>\n<li>Finl\u00e2ndia<\/li>\n<li><span>B\u00f3snia e Herzegovina<\/span><\/li>\n<li>Rom\u00e9nia<\/li>\n<li>Alemanha<\/li>\n<\/ul><\/div>\n\t\t\t\t<\/div>\n\t\t\t\t<\/div>\n\t\t\t\t\t\t<\/div>\n\t\t\t\t\t<\/div>\n\t\t<\/div>\n\t\t\t\t\t\t\t\t<\/div>\n\t\t\t\t\t<\/div>\n\t\t<\/section>\n\t\t\t\t<section class=\"elementor-section elementor-top-section elementor-element elementor-element-30ac22f elementor-section-boxed elementor-section-height-default elementor-section-height-default\" data-id=\"30ac22f\" data-element_type=\"section\">\n\t\t\t\t\t\t<div class=\"elementor-container elementor-column-gap-narrow\">\n\t\t\t\t\t\t\t<div class=\"elementor-row\">\n\t\t\t\t\t<div class=\"elementor-column elementor-col-100 elementor-top-column elementor-element elementor-element-14fc9bc\" data-id=\"14fc9bc\" data-element_type=\"column\">\n\t\t\t<div class=\"elementor-column-wrap elementor-element-populated\">\n\t\t\t\t\t\t\t<div class=\"elementor-widget-wrap\">\n\t\t\t\t\t\t<div class=\"elementor-element elementor-element-f54c3da elementor-invisible elementor-widget elementor-widget-image-gallery\" data-id=\"f54c3da\" data-element_type=\"widget\" data-settings=\"{&quot;_animation&quot;:&quot;none&quot;}\" data-widget_type=\"image-gallery.default\">\n\t\t\t\t<div class=\"elementor-widget-container\">\n\t\t\t\t\t<div class=\"elementor-image-gallery\">\n\t\t\t\n\t\t<style type=\"text\/css\">\n\t\t\t#gallery-1 {\n\t\t\t\tmargin: auto;\n\t\t\t}\n\t\t\t#gallery-1 .gallery-item {\n\t\t\t\tfloat: left;\n\t\t\t\tmargin-top: 10px;\n\t\t\t\ttext-align: center;\n\t\t\t\twidth: 25%;\n\t\t\t}\n\t\t\t#gallery-1 img {\n\t\t\t\tborder: 2px solid #cfcfcf;\n\t\t\t}\n\t\t\t#gallery-1 .gallery-caption {\n\t\t\t\tmargin-left: 0;\n\t\t\t}\n\t\t\t\/* see gallery_shortcode() in wp-includes\/media.php *\/\n\t\t<\/style>\n\t\t<div id='gallery-1' class='gallery galleryid-935 gallery-columns-4 gallery-size-hestia-blog'><dl class='gallery-item'>\n\t\t\t<dt class='gallery-icon landscape'>\n\t\t\t\t<img width=\"360\" height=\"240\" src=\"https:\/\/janeladasbrincadeiras.pt\/wp-content\/uploads\/2024\/01\/Imagem-WhatsApp-2024-01-18-as-15.05.52_7c7f20ff-360x240.jpg\" class=\"attachment-hestia-blog size-hestia-blog\" alt=\"\" decoding=\"async\" loading=\"lazy\" \/>\n\t\t\t<\/dt><\/dl><dl class='gallery-item'>\n\t\t\t<dt class='gallery-icon landscape'>\n\t\t\t\t<img width=\"360\" height=\"240\" src=\"https:\/\/janeladasbrincadeiras.pt\/wp-content\/uploads\/2024\/01\/Imagem-WhatsApp-2024-01-18-as-15.05.25_202ea1eelllll-360x240.jpg\" class=\"attachment-hestia-blog size-hestia-blog\" alt=\"\" decoding=\"async\" loading=\"lazy\" \/>\n\t\t\t<\/dt><\/dl><dl class='gallery-item'>\n\t\t\t<dt class='gallery-icon portrait'>\n\t\t\t\t<img width=\"360\" height=\"240\" src=\"https:\/\/janeladasbrincadeiras.pt\/wp-content\/uploads\/2024\/01\/Imagem-WhatsApp-2024-01-22-as-17.09.38_b90a04e4-360x240.jpg\" class=\"attachment-hestia-blog size-hestia-blog\" alt=\"\" decoding=\"async\" loading=\"lazy\" \/>\n\t\t\t<\/dt><\/dl><dl class='gallery-item'>\n\t\t\t<dt class='gallery-icon landscape'>\n\t\t\t\t<img width=\"360\" height=\"240\" src=\"https:\/\/janeladasbrincadeiras.pt\/wp-content\/uploads\/2024\/01\/IMG_9916-360x240.jpg\" class=\"attachment-hestia-blog size-hestia-blog\" alt=\"\" decoding=\"async\" loading=\"lazy\" srcset=\"https:\/\/janeladasbrincadeiras.pt\/wp-content\/uploads\/2024\/01\/IMG_9916-360x240.jpg 360w, https:\/\/janeladasbrincadeiras.pt\/wp-content\/uploads\/2024\/01\/IMG_9916-16x12.jpg 16w\" sizes=\"(max-width: 360px) 100vw, 360px\" \/>\n\t\t\t<\/dt><\/dl><br style=\"clear: both\" \/><dl class='gallery-item'>\n\t\t\t<dt class='gallery-icon landscape'>\n\t\t\t\t<img width=\"360\" height=\"240\" src=\"https:\/\/janeladasbrincadeiras.pt\/wp-content\/uploads\/2024\/01\/adbcc86b-71f9-40a9-bba8-23bdaf4c8287-360x240.jpg\" class=\"attachment-hestia-blog size-hestia-blog\" alt=\"\" decoding=\"async\" loading=\"lazy\" \/>\n\t\t\t<\/dt><\/dl><dl class='gallery-item'>\n\t\t\t<dt class='gallery-icon portrait'>\n\t\t\t\t<img width=\"360\" height=\"240\" src=\"https:\/\/janeladasbrincadeiras.pt\/wp-content\/uploads\/2024\/01\/Imagem-WhatsApp-2024-01-16-as-07.50.10_183fa903-360x240.jpg\" class=\"attachment-hestia-blog size-hestia-blog\" alt=\"\" decoding=\"async\" loading=\"lazy\" \/>\n\t\t\t<\/dt><\/dl><dl class='gallery-item'>\n\t\t\t<dt class='gallery-icon portrait'>\n\t\t\t\t<img width=\"360\" height=\"240\" src=\"https:\/\/janeladasbrincadeiras.pt\/wp-content\/uploads\/2024\/01\/IMG_9911-360x240.jpg\" class=\"attachment-hestia-blog size-hestia-blog\" alt=\"\" decoding=\"async\" loading=\"lazy\" \/>\n\t\t\t<\/dt><\/dl><dl class='gallery-item'>\n\t\t\t<dt class='gallery-icon portrait'>\n\t\t\t\t<img width=\"360\" height=\"240\" src=\"https:\/\/janeladasbrincadeiras.pt\/wp-content\/uploads\/2024\/01\/Imagem-WhatsApp-2024-01-22-as-17.09.37_e6dd1c87-360x240.jpg\" class=\"attachment-hestia-blog size-hestia-blog\" alt=\"\" decoding=\"async\" loading=\"lazy\" \/>\n\t\t\t<\/dt><\/dl><br style=\"clear: both\" \/><dl class='gallery-item'>\n\t\t\t<dt class='gallery-icon landscape'>\n\t\t\t\t<img width=\"360\" height=\"240\" src=\"https:\/\/janeladasbrincadeiras.pt\/wp-content\/uploads\/2024\/01\/Imagem-WhatsApp-2024-01-22-as-17.09.40_dc583b8b-360x240.jpg\" class=\"attachment-hestia-blog size-hestia-blog\" alt=\"\" decoding=\"async\" loading=\"lazy\" srcset=\"https:\/\/janeladasbrincadeiras.pt\/wp-content\/uploads\/2024\/01\/Imagem-WhatsApp-2024-01-22-as-17.09.40_dc583b8b-360x240.jpg 360w, https:\/\/janeladasbrincadeiras.pt\/wp-content\/uploads\/2024\/01\/Imagem-WhatsApp-2024-01-22-as-17.09.40_dc583b8b-16x12.jpg 16w\" sizes=\"(max-width: 360px) 100vw, 360px\" \/>\n\t\t\t<\/dt><\/dl><dl class='gallery-item'>\n\t\t\t<dt class='gallery-icon landscape'>\n\t\t\t\t<img width=\"360\" height=\"240\" src=\"https:\/\/janeladasbrincadeiras.pt\/wp-content\/uploads\/2024\/01\/IMG_9938-360x240.jpg\" class=\"attachment-hestia-blog size-hestia-blog\" alt=\"\" decoding=\"async\" loading=\"lazy\" srcset=\"https:\/\/janeladasbrincadeiras.pt\/wp-content\/uploads\/2024\/01\/IMG_9938-360x240.jpg 360w, https:\/\/janeladasbrincadeiras.pt\/wp-content\/uploads\/2024\/01\/IMG_9938-16x12.jpg 16w\" sizes=\"(max-width: 360px) 100vw, 360px\" \/>\n\t\t\t<\/dt><\/dl><dl class='gallery-item'>\n\t\t\t<dt class='gallery-icon portrait'>\n\t\t\t\t<img width=\"360\" height=\"240\" src=\"https:\/\/janeladasbrincadeiras.pt\/wp-content\/uploads\/2024\/01\/Imagem-WhatsApp-2024-01-16-as-07.50.10_ee844b5f-360x240.jpg\" class=\"attachment-hestia-blog size-hestia-blog\" alt=\"\" decoding=\"async\" loading=\"lazy\" \/>\n\t\t\t<\/dt><\/dl><dl class='gallery-item'>\n\t\t\t<dt class='gallery-icon landscape'>\n\t\t\t\t<img width=\"360\" height=\"240\" src=\"https:\/\/janeladasbrincadeiras.pt\/wp-content\/uploads\/2024\/01\/Imagem-WhatsApp-2024-01-22-as-17.09.39_7c8958f9-360x240.jpg\" class=\"attachment-hestia-blog size-hestia-blog\" alt=\"\" decoding=\"async\" loading=\"lazy\" srcset=\"https:\/\/janeladasbrincadeiras.pt\/wp-content\/uploads\/2024\/01\/Imagem-WhatsApp-2024-01-22-as-17.09.39_7c8958f9-360x240.jpg 360w, https:\/\/janeladasbrincadeiras.pt\/wp-content\/uploads\/2024\/01\/Imagem-WhatsApp-2024-01-22-as-17.09.39_7c8958f9-16x12.jpg 16w\" sizes=\"(max-width: 360px) 100vw, 360px\" \/>\n\t\t\t<\/dt><\/dl><br style=\"clear: both\" \/>\n\t\t<\/div>\n\t\t<\/div>\n\t\t\t\t<\/div>\n\t\t\t\t<\/div>\n\t\t\t\t<div class=\"elementor-element elementor-element-7f5b414 elementor-widget elementor-widget-spacer\" data-id=\"7f5b414\" data-element_type=\"widget\" data-widget_type=\"spacer.default\">\n\t\t\t\t<div class=\"elementor-widget-container\">\n\t\t\t\t\t<div class=\"elementor-spacer\">\n\t\t\t<div class=\"elementor-spacer-inner\"><\/div>\n\t\t<\/div>\n\t\t\t\t<\/div>\n\t\t\t\t<\/div>\n\t\t\t\t\t\t<\/div>\n\t\t\t\t\t<\/div>\n\t\t<\/div>\n\t\t\t\t\t\t\t\t<\/div>\n\t\t\t\t\t<\/div>\n\t\t<\/section>\n\t\t\t\t\t\t<\/div>\n\t\t\t\t\t\t<\/div>\n\t\t\t\t\t<\/div>","protected":false},"excerpt":{"rendered":"<p>Innovation Jam Tools and Spaces to Innovate in Youth Work O Curso de Forma\u00e7\u00e3o Innovation Jam&nbsp; foi implementado pela Ag\u00eancia Nacional Finlandesa para a Educa\u00e7\u00e3o.&nbsp; O objetivo desta forma\u00e7\u00e3o passou pela cria\u00e7\u00e3o de ferramentas que sirvam para criar ideias inovadoras para que estas sejam colocadas em pr\u00e1tica e ao servi\u00e7o [&hellip;]<\/p>","protected":false},"author":1,"featured_media":0,"parent":0,"menu_order":0,"comment_status":"closed","ping_status":"closed","template":"page-templates\/template-pagebuilder-full-width.php","meta":[],"_links":{"self":[{"href":"https:\/\/janeladasbrincadeiras.pt\/en\/wp-json\/wp\/v2\/pages\/935"}],"collection":[{"href":"https:\/\/janeladasbrincadeiras.pt\/en\/wp-json\/wp\/v2\/pages"}],"about":[{"href":"https:\/\/janeladasbrincadeiras.pt\/en\/wp-json\/wp\/v2\/types\/page"}],"author":[{"embeddable":true,"href":"https:\/\/janeladasbrincadeiras.pt\/en\/wp-json\/wp\/v2\/users\/1"}],"replies":[{"embeddable":true,"href":"https:\/\/janeladasbrincadeiras.pt\/en\/wp-json\/wp\/v2\/comments?post=935"}],"version-history":[{"count":20,"href":"https:\/\/janeladasbrincadeiras.pt\/en\/wp-json\/wp\/v2\/pages\/935\/revisions"}],"predecessor-version":[{"id":1367,"href":"https:\/\/janeladasbrincadeiras.pt\/en\/wp-json\/wp\/v2\/pages\/935\/revisions\/1367"}],"wp:attachment":[{"href":"https:\/\/janeladasbrincadeiras.pt\/en\/wp-json\/wp\/v2\/media?parent=935"}],"curies":[{"name":"wp","href":"https:\/\/api.w.org\/{rel}","templated":true}]}}