{"id":1335,"date":"2024-01-22T17:25:42","date_gmt":"2024-01-22T17:25:42","guid":{"rendered":"https:\/\/janeladasbrincadeiras.pt\/?page_id=1335"},"modified":"2024-01-22T17:31:05","modified_gmt":"2024-01-22T17:31:05","slug":"solidary","status":"publish","type":"page","link":"https:\/\/janeladasbrincadeiras.pt\/en\/solidary\/","title":{"rendered":"(SO)lidary"},"content":{"rendered":"<div data-elementor-type=\"wp-page\" data-elementor-id=\"1335\" class=\"elementor elementor-1335\" data-elementor-settings=\"[]\">\n\t\t\t\t\t\t<div class=\"elementor-inner\">\n\t\t\t\t\t\t\t<div class=\"elementor-section-wrap\">\n\t\t\t\t\t\t\t<section class=\"elementor-section elementor-top-section elementor-element elementor-element-a728298 elementor-section-boxed elementor-section-height-default elementor-section-height-default\" data-id=\"a728298\" data-element_type=\"section\">\n\t\t\t\t\t\t<div class=\"elementor-container elementor-column-gap-default\">\n\t\t\t\t\t\t\t<div class=\"elementor-row\">\n\t\t\t\t\t<div class=\"elementor-column elementor-col-50 elementor-top-column elementor-element elementor-element-b23c1ac\" data-id=\"b23c1ac\" data-element_type=\"column\">\n\t\t\t<div class=\"elementor-column-wrap elementor-element-populated\">\n\t\t\t\t\t\t\t<div class=\"elementor-widget-wrap\">\n\t\t\t\t\t\t<div class=\"elementor-element elementor-element-a95a3ee elementor-widget elementor-widget-heading\" data-id=\"a95a3ee\" data-element_type=\"widget\" data-widget_type=\"heading.default\">\n\t\t\t\t<div class=\"elementor-widget-container\">\n\t\t\t<h2 class=\"elementor-heading-title elementor-size-default\">(SO)lidary<br>Training Course<\/h2>\t\t<\/div>\n\t\t\t\t<\/div>\n\t\t\t\t\t\t<\/div>\n\t\t\t\t\t<\/div>\n\t\t<\/div>\n\t\t\t\t<div class=\"elementor-column elementor-col-50 elementor-top-column elementor-element elementor-element-cfb5d3b\" data-id=\"cfb5d3b\" data-element_type=\"column\">\n\t\t\t<div class=\"elementor-column-wrap elementor-element-populated\">\n\t\t\t\t\t\t\t<div class=\"elementor-widget-wrap\">\n\t\t\t\t\t\t<div class=\"elementor-element elementor-element-2936911 elementor-widget elementor-widget-image\" data-id=\"2936911\" data-element_type=\"widget\" data-widget_type=\"image.default\">\n\t\t\t\t<div class=\"elementor-widget-container\">\n\t\t\t\t\t<div class=\"elementor-image\">\n\t\t\t\t\t\t\t\t\t\t<img width=\"612\" height=\"612\" src=\"https:\/\/janeladasbrincadeiras.pt\/wp-content\/uploads\/2022\/11\/249057058_10158569452534607_1090967629004796338_n.jpg\" class=\"attachment-full size-full\" alt=\"\" decoding=\"async\" loading=\"lazy\" srcset=\"https:\/\/janeladasbrincadeiras.pt\/wp-content\/uploads\/2022\/11\/249057058_10158569452534607_1090967629004796338_n.jpg 612w, https:\/\/janeladasbrincadeiras.pt\/wp-content\/uploads\/2022\/11\/249057058_10158569452534607_1090967629004796338_n-300x300.jpg 300w, https:\/\/janeladasbrincadeiras.pt\/wp-content\/uploads\/2022\/11\/249057058_10158569452534607_1090967629004796338_n-150x150.jpg 150w, https:\/\/janeladasbrincadeiras.pt\/wp-content\/uploads\/2022\/11\/249057058_10158569452534607_1090967629004796338_n-12x12.jpg 12w\" sizes=\"(max-width: 612px) 100vw, 612px\" \/>\t\t\t\t\t\t\t\t\t\t\t<\/div>\n\t\t\t\t<\/div>\n\t\t\t\t<\/div>\n\t\t\t\t\t\t<\/div>\n\t\t\t\t\t<\/div>\n\t\t<\/div>\n\t\t\t\t\t\t\t\t<\/div>\n\t\t\t\t\t<\/div>\n\t\t<\/section>\n\t\t\t\t<section class=\"elementor-section elementor-top-section elementor-element elementor-element-a200dbd elementor-section-boxed elementor-section-height-default elementor-section-height-default\" data-id=\"a200dbd\" data-element_type=\"section\">\n\t\t\t\t\t\t<div class=\"elementor-container elementor-column-gap-default\">\n\t\t\t\t\t\t\t<div class=\"elementor-row\">\n\t\t\t\t\t<div class=\"elementor-column elementor-col-100 elementor-top-column elementor-element elementor-element-daf29ed\" data-id=\"daf29ed\" data-element_type=\"column\">\n\t\t\t<div class=\"elementor-column-wrap elementor-element-populated\">\n\t\t\t\t\t\t\t<div class=\"elementor-widget-wrap\">\n\t\t\t\t\t\t<div class=\"elementor-element elementor-element-8ab889e elementor-widget elementor-widget-spacer\" data-id=\"8ab889e\" data-element_type=\"widget\" data-widget_type=\"spacer.default\">\n\t\t\t\t<div class=\"elementor-widget-container\">\n\t\t\t\t\t<div class=\"elementor-spacer\">\n\t\t\t<div class=\"elementor-spacer-inner\"><\/div>\n\t\t<\/div>\n\t\t\t\t<\/div>\n\t\t\t\t<\/div>\n\t\t\t\t<div class=\"elementor-element elementor-element-6cbc253 elementor-widget elementor-widget-text-editor\" data-id=\"6cbc253\" data-element_type=\"widget\" data-widget_type=\"text-editor.default\">\n\t\t\t\t<div class=\"elementor-widget-container\">\n\t\t\t\t\t<div class=\"elementor-text-editor elementor-clearfix\"><p>O Curso de Forma\u00e7\u00e3o (SO)lidary foi implementado pela Associa\u00e7\u00e3o Big Brothers Big Sisters of Bulgaria com o apoio financeiro da A\u00e7\u00e3o-chave 1 do programa Erasmus+.<\/p>\n<p>The participants deepened their knowledge about what volunteer infrastructure is, what are the European opportunities for volunteering, and acquired new tools for managing and maintaining volunteer labor, implementation of volunteer projects.<\/p>\n<p><span>Cerca de 30 youth workers&nbsp; reuniram-se para o Curso de Forma\u00e7\u00e3o &#8220;(SO)lidary&#8221; que aconteceu entre 8 e 14 de novembro de 2021 no Eco hotel Zdravetz.<\/span><\/p>\n<p><\/p>\n<p>Partners:<\/p>\n<ul>\n<li><span>Bulgary<\/span><\/li>\n<li><span> Greece<\/span><\/li>\n<li><span> Spain<\/span><\/li>\n<li><span>Turkey<\/span><\/li>\n<li><span> Portugal<\/span><\/li>\n<li><span>Lithuania<\/span><\/li>\n<li><span>Poland<\/span><\/li>\n<li><span> Italy<\/span><\/li>\n<\/ul><\/div>\n\t\t\t\t<\/div>\n\t\t\t\t<\/div>\n\t\t\t\t\t\t<\/div>\n\t\t\t\t\t<\/div>\n\t\t<\/div>\n\t\t\t\t\t\t\t\t<\/div>\n\t\t\t\t\t<\/div>\n\t\t<\/section>\n\t\t\t\t<section class=\"elementor-section elementor-top-section elementor-element elementor-element-30ac22f elementor-section-boxed elementor-section-height-default elementor-section-height-default\" data-id=\"30ac22f\" data-element_type=\"section\">\n\t\t\t\t\t\t<div class=\"elementor-container elementor-column-gap-narrow\">\n\t\t\t\t\t\t\t<div class=\"elementor-row\">\n\t\t\t\t\t<div class=\"elementor-column elementor-col-100 elementor-top-column elementor-element elementor-element-14fc9bc\" data-id=\"14fc9bc\" data-element_type=\"column\">\n\t\t\t<div class=\"elementor-column-wrap elementor-element-populated\">\n\t\t\t\t\t\t\t<div class=\"elementor-widget-wrap\">\n\t\t\t\t\t\t<div class=\"elementor-element elementor-element-f54c3da elementor-invisible elementor-widget elementor-widget-image-gallery\" data-id=\"f54c3da\" data-element_type=\"widget\" data-settings=\"{&quot;_animation&quot;:&quot;none&quot;}\" data-widget_type=\"image-gallery.default\">\n\t\t\t\t<div class=\"elementor-widget-container\">\n\t\t\t\t\t<div class=\"elementor-image-gallery\">\n\t\t\t\n\t\t<style type=\"text\/css\">\n\t\t\t#gallery-1 {\n\t\t\t\tmargin: auto;\n\t\t\t}\n\t\t\t#gallery-1 .gallery-item {\n\t\t\t\tfloat: left;\n\t\t\t\tmargin-top: 10px;\n\t\t\t\ttext-align: center;\n\t\t\t\twidth: 25%;\n\t\t\t}\n\t\t\t#gallery-1 img {\n\t\t\t\tborder: 2px solid #cfcfcf;\n\t\t\t}\n\t\t\t#gallery-1 .gallery-caption {\n\t\t\t\tmargin-left: 0;\n\t\t\t}\n\t\t\t\/* see gallery_shortcode() in wp-includes\/media.php *\/\n\t\t<\/style>\n\t\t<div id='gallery-1' class='gallery galleryid-1335 gallery-columns-4 gallery-size-hestia-blog'><dl class='gallery-item'>\n\t\t\t<dt class='gallery-icon landscape'>\n\t\t\t\t<img width=\"360\" height=\"240\" src=\"https:\/\/janeladasbrincadeiras.pt\/wp-content\/uploads\/2022\/11\/258533700_10158613106849607_4165933049359100238_n-360x240.jpg\" class=\"attachment-hestia-blog size-hestia-blog\" alt=\"\" decoding=\"async\" loading=\"lazy\" srcset=\"https:\/\/janeladasbrincadeiras.pt\/wp-content\/uploads\/2022\/11\/258533700_10158613106849607_4165933049359100238_n-360x240.jpg 360w, https:\/\/janeladasbrincadeiras.pt\/wp-content\/uploads\/2022\/11\/258533700_10158613106849607_4165933049359100238_n-300x200.jpg 300w, https:\/\/janeladasbrincadeiras.pt\/wp-content\/uploads\/2022\/11\/258533700_10158613106849607_4165933049359100238_n-1024x682.jpg 1024w, https:\/\/janeladasbrincadeiras.pt\/wp-content\/uploads\/2022\/11\/258533700_10158613106849607_4165933049359100238_n-768x512.jpg 768w, https:\/\/janeladasbrincadeiras.pt\/wp-content\/uploads\/2022\/11\/258533700_10158613106849607_4165933049359100238_n-1536x1023.jpg 1536w, https:\/\/janeladasbrincadeiras.pt\/wp-content\/uploads\/2022\/11\/258533700_10158613106849607_4165933049359100238_n-18x12.jpg 18w, https:\/\/janeladasbrincadeiras.pt\/wp-content\/uploads\/2022\/11\/258533700_10158613106849607_4165933049359100238_n.jpg 2048w\" sizes=\"(max-width: 360px) 100vw, 360px\" \/>\n\t\t\t<\/dt><\/dl><dl class='gallery-item'>\n\t\t\t<dt class='gallery-icon portrait'>\n\t\t\t\t<img width=\"360\" height=\"240\" src=\"https:\/\/janeladasbrincadeiras.pt\/wp-content\/uploads\/2022\/11\/258572989_10158613106099607_3975048570895384432_n-360x240.jpg\" class=\"attachment-hestia-blog size-hestia-blog\" alt=\"\" decoding=\"async\" loading=\"lazy\" \/>\n\t\t\t<\/dt><\/dl><dl class='gallery-item'>\n\t\t\t<dt class='gallery-icon landscape'>\n\t\t\t\t<img width=\"360\" height=\"240\" src=\"https:\/\/janeladasbrincadeiras.pt\/wp-content\/uploads\/2022\/11\/258338991_10158613106224607_739009138650666524_n-360x240.jpg\" class=\"attachment-hestia-blog size-hestia-blog\" alt=\"\" decoding=\"async\" loading=\"lazy\" srcset=\"https:\/\/janeladasbrincadeiras.pt\/wp-content\/uploads\/2022\/11\/258338991_10158613106224607_739009138650666524_n-360x240.jpg 360w, https:\/\/janeladasbrincadeiras.pt\/wp-content\/uploads\/2022\/11\/258338991_10158613106224607_739009138650666524_n-16x12.jpg 16w\" sizes=\"(max-width: 360px) 100vw, 360px\" \/>\n\t\t\t<\/dt><\/dl><dl class='gallery-item'>\n\t\t\t<dt class='gallery-icon landscape'>\n\t\t\t\t<img width=\"360\" height=\"240\" src=\"https:\/\/janeladasbrincadeiras.pt\/wp-content\/uploads\/2022\/11\/258320969_10158613106289607_4206669921695305671_n-360x240.jpg\" class=\"attachment-hestia-blog size-hestia-blog\" alt=\"\" decoding=\"async\" loading=\"lazy\" srcset=\"https:\/\/janeladasbrincadeiras.pt\/wp-content\/uploads\/2022\/11\/258320969_10158613106289607_4206669921695305671_n-360x240.jpg 360w, https:\/\/janeladasbrincadeiras.pt\/wp-content\/uploads\/2022\/11\/258320969_10158613106289607_4206669921695305671_n-16x12.jpg 16w\" sizes=\"(max-width: 360px) 100vw, 360px\" \/>\n\t\t\t<\/dt><\/dl><br style=\"clear: both\" \/>\n\t\t<\/div>\n\t\t<\/div>\n\t\t\t\t<\/div>\n\t\t\t\t<\/div>\n\t\t\t\t<div class=\"elementor-element elementor-element-7f5b414 elementor-widget elementor-widget-spacer\" data-id=\"7f5b414\" data-element_type=\"widget\" data-widget_type=\"spacer.default\">\n\t\t\t\t<div class=\"elementor-widget-container\">\n\t\t\t\t\t<div class=\"elementor-spacer\">\n\t\t\t<div class=\"elementor-spacer-inner\"><\/div>\n\t\t<\/div>\n\t\t\t\t<\/div>\n\t\t\t\t<\/div>\n\t\t\t\t\t\t<\/div>\n\t\t\t\t\t<\/div>\n\t\t<\/div>\n\t\t\t\t\t\t\t\t<\/div>\n\t\t\t\t\t<\/div>\n\t\t<\/section>\n\t\t\t\t\t\t<\/div>\n\t\t\t\t\t\t<\/div>\n\t\t\t\t\t<\/div>","protected":false},"excerpt":{"rendered":"<p>(SO)lidaryTraining Course O Curso de Forma\u00e7\u00e3o (SO)lidary foi implementado pela Associa\u00e7\u00e3o Big Brothers Big Sisters of Bulgaria com o apoio financeiro da A\u00e7\u00e3o-chave 1 do programa Erasmus+. Os participantes aprofundaram os seus conhecimentos sobre o que \u00e9 a infraestrutura volunt\u00e1ria, quais s\u00e3o as oportunidades europeias para o voluntariado e adquiriram [&hellip;]<\/p>","protected":false},"author":1,"featured_media":0,"parent":0,"menu_order":0,"comment_status":"closed","ping_status":"closed","template":"page-templates\/template-pagebuilder-full-width.php","meta":[],"_links":{"self":[{"href":"https:\/\/janeladasbrincadeiras.pt\/en\/wp-json\/wp\/v2\/pages\/1335"}],"collection":[{"href":"https:\/\/janeladasbrincadeiras.pt\/en\/wp-json\/wp\/v2\/pages"}],"about":[{"href":"https:\/\/janeladasbrincadeiras.pt\/en\/wp-json\/wp\/v2\/types\/page"}],"author":[{"embeddable":true,"href":"https:\/\/janeladasbrincadeiras.pt\/en\/wp-json\/wp\/v2\/users\/1"}],"replies":[{"embeddable":true,"href":"https:\/\/janeladasbrincadeiras.pt\/en\/wp-json\/wp\/v2\/comments?post=1335"}],"version-history":[{"count":4,"href":"https:\/\/janeladasbrincadeiras.pt\/en\/wp-json\/wp\/v2\/pages\/1335\/revisions"}],"predecessor-version":[{"id":1341,"href":"https:\/\/janeladasbrincadeiras.pt\/en\/wp-json\/wp\/v2\/pages\/1335\/revisions\/1341"}],"wp:attachment":[{"href":"https:\/\/janeladasbrincadeiras.pt\/en\/wp-json\/wp\/v2\/media?parent=1335"}],"curies":[{"name":"wp","href":"https:\/\/api.w.org\/{rel}","templated":true}]}}