{"id":1190,"date":"2023-05-25T12:08:00","date_gmt":"2023-05-25T11:08:00","guid":{"rendered":"https:\/\/janeladasbrincadeiras.pt\/?page_id=1190"},"modified":"2023-05-25T17:20:20","modified_gmt":"2023-05-25T16:20:20","slug":"migrants-inclusion-education-system","status":"publish","type":"page","link":"https:\/\/janeladasbrincadeiras.pt\/en\/migrants-inclusion-education-system\/","title":{"rendered":"Migrants Inclusion Into the Education System"},"content":{"rendered":"<div data-elementor-type=\"wp-page\" data-elementor-id=\"1190\" class=\"elementor elementor-1190\" data-elementor-settings=\"[]\">\n\t\t\t\t\t\t<div class=\"elementor-inner\">\n\t\t\t\t\t\t\t<div class=\"elementor-section-wrap\">\n\t\t\t\t\t\t\t<section class=\"elementor-section elementor-top-section elementor-element elementor-element-a728298 elementor-section-boxed elementor-section-height-default elementor-section-height-default\" data-id=\"a728298\" data-element_type=\"section\">\n\t\t\t\t\t\t<div class=\"elementor-container elementor-column-gap-default\">\n\t\t\t\t\t\t\t<div class=\"elementor-row\">\n\t\t\t\t\t<div class=\"elementor-column elementor-col-50 elementor-top-column elementor-element elementor-element-b23c1ac\" data-id=\"b23c1ac\" data-element_type=\"column\">\n\t\t\t<div class=\"elementor-column-wrap elementor-element-populated\">\n\t\t\t\t\t\t\t<div class=\"elementor-widget-wrap\">\n\t\t\t\t\t\t<div class=\"elementor-element elementor-element-a95a3ee elementor-widget elementor-widget-heading\" data-id=\"a95a3ee\" data-element_type=\"widget\" data-widget_type=\"heading.default\">\n\t\t\t\t<div class=\"elementor-widget-container\">\n\t\t\t<h2 class=\"elementor-heading-title elementor-size-default\">International Training \"Migrants Inclusion Into the Education System\"<\/h2>\t\t<\/div>\n\t\t\t\t<\/div>\n\t\t\t\t\t\t<\/div>\n\t\t\t\t\t<\/div>\n\t\t<\/div>\n\t\t\t\t<div class=\"elementor-column elementor-col-50 elementor-top-column elementor-element elementor-element-cfb5d3b\" data-id=\"cfb5d3b\" data-element_type=\"column\">\n\t\t\t<div class=\"elementor-column-wrap elementor-element-populated\">\n\t\t\t\t\t\t\t<div class=\"elementor-widget-wrap\">\n\t\t\t\t\t\t<div class=\"elementor-element elementor-element-2936911 elementor-widget elementor-widget-image\" data-id=\"2936911\" data-element_type=\"widget\" data-widget_type=\"image.default\">\n\t\t\t\t<div class=\"elementor-widget-container\">\n\t\t\t\t\t<div class=\"elementor-image\">\n\t\t\t\t\t\t\t\t\t\t<img width=\"970\" height=\"530\" src=\"https:\/\/janeladasbrincadeiras.pt\/wp-content\/uploads\/2023\/05\/lit.png\" class=\"attachment-full size-full\" alt=\"\" decoding=\"async\" loading=\"lazy\" srcset=\"https:\/\/janeladasbrincadeiras.pt\/wp-content\/uploads\/2023\/05\/lit.png 970w, https:\/\/janeladasbrincadeiras.pt\/wp-content\/uploads\/2023\/05\/lit-300x164.png 300w, https:\/\/janeladasbrincadeiras.pt\/wp-content\/uploads\/2023\/05\/lit-768x420.png 768w, https:\/\/janeladasbrincadeiras.pt\/wp-content\/uploads\/2023\/05\/lit-18x10.png 18w\" sizes=\"(max-width: 970px) 100vw, 970px\" \/>\t\t\t\t\t\t\t\t\t\t\t<\/div>\n\t\t\t\t<\/div>\n\t\t\t\t<\/div>\n\t\t\t\t\t\t<\/div>\n\t\t\t\t\t<\/div>\n\t\t<\/div>\n\t\t\t\t\t\t\t\t<\/div>\n\t\t\t\t\t<\/div>\n\t\t<\/section>\n\t\t\t\t<section class=\"elementor-section elementor-top-section elementor-element elementor-element-a200dbd elementor-section-boxed elementor-section-height-default elementor-section-height-default\" data-id=\"a200dbd\" data-element_type=\"section\">\n\t\t\t\t\t\t<div class=\"elementor-container elementor-column-gap-default\">\n\t\t\t\t\t\t\t<div class=\"elementor-row\">\n\t\t\t\t\t<div class=\"elementor-column elementor-col-100 elementor-top-column elementor-element elementor-element-daf29ed\" data-id=\"daf29ed\" data-element_type=\"column\">\n\t\t\t<div class=\"elementor-column-wrap elementor-element-populated\">\n\t\t\t\t\t\t\t<div class=\"elementor-widget-wrap\">\n\t\t\t\t\t\t<div class=\"elementor-element elementor-element-8ab889e elementor-widget elementor-widget-spacer\" data-id=\"8ab889e\" data-element_type=\"widget\" data-widget_type=\"spacer.default\">\n\t\t\t\t<div class=\"elementor-widget-container\">\n\t\t\t\t\t<div class=\"elementor-spacer\">\n\t\t\t<div class=\"elementor-spacer-inner\"><\/div>\n\t\t<\/div>\n\t\t\t\t<\/div>\n\t\t\t\t<\/div>\n\t\t\t\t<div class=\"elementor-element elementor-element-6cbc253 elementor-widget elementor-widget-text-editor\" data-id=\"6cbc253\" data-element_type=\"widget\" data-widget_type=\"text-editor.default\">\n\t\t\t\t<div class=\"elementor-widget-container\">\n\t\t\t\t\t<div class=\"elementor-text-editor elementor-clearfix\"><p class=\" translation-block\">The International Training \"Migrants Inclusion Into the Education System\" was organized by the National Institute for Social Integration in cooperation with the Youth Affairs Agency and Erasmus +.<\/p><p class=\" translation-block\">The participants were introduced to international techniques aimed at improving the inclusion of the migrant population in educational activities and reducing social distance, they found examples of sectarian integration, ideas such as creating a separate group in which migrants would have the opportunity to learn a state language, a certain country, providing psychological support and many more other mechanisms.<\/p><p><span>Around 28 participants gathered for the International Training that took place May 12-18, 2023 in Antaliept\u0117, Lithuania.<\/span><\/p><p>Participants<\/p><ul><li>Greece<\/li><li>Turkey<\/li><li>Portugal<\/li><li>Spain<\/li><li>Ukraine<\/li><li>Syria<\/li><li>Iraq<\/li><li>Lithuania<\/li><\/ul><\/div>\n\t\t\t\t<\/div>\n\t\t\t\t<\/div>\n\t\t\t\t\t\t<\/div>\n\t\t\t\t\t<\/div>\n\t\t<\/div>\n\t\t\t\t\t\t\t\t<\/div>\n\t\t\t\t\t<\/div>\n\t\t<\/section>\n\t\t\t\t<section class=\"elementor-section elementor-top-section elementor-element elementor-element-30ac22f elementor-section-boxed elementor-section-height-default elementor-section-height-default\" data-id=\"30ac22f\" data-element_type=\"section\">\n\t\t\t\t\t\t<div class=\"elementor-container elementor-column-gap-narrow\">\n\t\t\t\t\t\t\t<div class=\"elementor-row\">\n\t\t\t\t\t<div class=\"elementor-column elementor-col-100 elementor-top-column elementor-element elementor-element-14fc9bc\" data-id=\"14fc9bc\" data-element_type=\"column\">\n\t\t\t<div class=\"elementor-column-wrap elementor-element-populated\">\n\t\t\t\t\t\t\t<div class=\"elementor-widget-wrap\">\n\t\t\t\t\t\t<div class=\"elementor-element elementor-element-f54c3da elementor-invisible elementor-widget elementor-widget-image-gallery\" data-id=\"f54c3da\" data-element_type=\"widget\" data-settings=\"{&quot;_animation&quot;:&quot;none&quot;}\" data-widget_type=\"image-gallery.default\">\n\t\t\t\t<div class=\"elementor-widget-container\">\n\t\t\t\t\t<div class=\"elementor-image-gallery\">\n\t\t\t\n\t\t<style type=\"text\/css\">\n\t\t\t#gallery-1 {\n\t\t\t\tmargin: auto;\n\t\t\t}\n\t\t\t#gallery-1 .gallery-item {\n\t\t\t\tfloat: left;\n\t\t\t\tmargin-top: 10px;\n\t\t\t\ttext-align: center;\n\t\t\t\twidth: 25%;\n\t\t\t}\n\t\t\t#gallery-1 img {\n\t\t\t\tborder: 2px solid #cfcfcf;\n\t\t\t}\n\t\t\t#gallery-1 .gallery-caption {\n\t\t\t\tmargin-left: 0;\n\t\t\t}\n\t\t\t\/* see gallery_shortcode() in wp-includes\/media.php *\/\n\t\t<\/style>\n\t\t<div id='gallery-1' class='gallery galleryid-1190 gallery-columns-4 gallery-size-hestia-blog'><dl class='gallery-item'>\n\t\t\t<dt class='gallery-icon landscape'>\n\t\t\t\t<img width=\"360\" height=\"240\" src=\"https:\/\/janeladasbrincadeiras.pt\/wp-content\/uploads\/2023\/05\/3c177a90-3887-41e2-8526-04d56e8488f0-360x240.jpg\" class=\"attachment-hestia-blog size-hestia-blog\" alt=\"\" decoding=\"async\" loading=\"lazy\" srcset=\"https:\/\/janeladasbrincadeiras.pt\/wp-content\/uploads\/2023\/05\/3c177a90-3887-41e2-8526-04d56e8488f0-360x240.jpg 360w, https:\/\/janeladasbrincadeiras.pt\/wp-content\/uploads\/2023\/05\/3c177a90-3887-41e2-8526-04d56e8488f0-16x12.jpg 16w\" sizes=\"(max-width: 360px) 100vw, 360px\" \/>\n\t\t\t<\/dt><\/dl><dl class='gallery-item'>\n\t\t\t<dt class='gallery-icon portrait'>\n\t\t\t\t<img width=\"360\" height=\"240\" src=\"https:\/\/janeladasbrincadeiras.pt\/wp-content\/uploads\/2023\/05\/IMG_7098-360x240.jpg\" class=\"attachment-hestia-blog size-hestia-blog\" alt=\"\" decoding=\"async\" loading=\"lazy\" \/>\n\t\t\t<\/dt><\/dl><dl class='gallery-item'>\n\t\t\t<dt class='gallery-icon landscape'>\n\t\t\t\t<img width=\"360\" height=\"240\" src=\"https:\/\/janeladasbrincadeiras.pt\/wp-content\/uploads\/2023\/05\/1acff5db-ebf1-423e-9c1f-841072566d7b-360x240.jpg\" class=\"attachment-hestia-blog size-hestia-blog\" alt=\"\" decoding=\"async\" loading=\"lazy\" srcset=\"https:\/\/janeladasbrincadeiras.pt\/wp-content\/uploads\/2023\/05\/1acff5db-ebf1-423e-9c1f-841072566d7b-360x240.jpg 360w, https:\/\/janeladasbrincadeiras.pt\/wp-content\/uploads\/2023\/05\/1acff5db-ebf1-423e-9c1f-841072566d7b-16x12.jpg 16w\" sizes=\"(max-width: 360px) 100vw, 360px\" \/>\n\t\t\t<\/dt><\/dl><dl class='gallery-item'>\n\t\t\t<dt class='gallery-icon landscape'>\n\t\t\t\t<img width=\"360\" height=\"240\" src=\"https:\/\/janeladasbrincadeiras.pt\/wp-content\/uploads\/2023\/05\/aa2dd1f9-c3c1-4858-ae1f-4cce8b3f2a36-360x240.jpg\" class=\"attachment-hestia-blog size-hestia-blog\" alt=\"\" decoding=\"async\" loading=\"lazy\" srcset=\"https:\/\/janeladasbrincadeiras.pt\/wp-content\/uploads\/2023\/05\/aa2dd1f9-c3c1-4858-ae1f-4cce8b3f2a36-360x240.jpg 360w, https:\/\/janeladasbrincadeiras.pt\/wp-content\/uploads\/2023\/05\/aa2dd1f9-c3c1-4858-ae1f-4cce8b3f2a36-16x12.jpg 16w\" sizes=\"(max-width: 360px) 100vw, 360px\" \/>\n\t\t\t<\/dt><\/dl><br style=\"clear: both\" \/><dl class='gallery-item'>\n\t\t\t<dt class='gallery-icon landscape'>\n\t\t\t\t<img width=\"360\" height=\"240\" src=\"https:\/\/janeladasbrincadeiras.pt\/wp-content\/uploads\/2023\/05\/349119709_908944920181284_868402380741845337_n-360x240.jpg\" class=\"attachment-hestia-blog size-hestia-blog\" alt=\"\" decoding=\"async\" loading=\"lazy\" srcset=\"https:\/\/janeladasbrincadeiras.pt\/wp-content\/uploads\/2023\/05\/349119709_908944920181284_868402380741845337_n-360x240.jpg 360w, https:\/\/janeladasbrincadeiras.pt\/wp-content\/uploads\/2023\/05\/349119709_908944920181284_868402380741845337_n-300x200.jpg 300w, https:\/\/janeladasbrincadeiras.pt\/wp-content\/uploads\/2023\/05\/349119709_908944920181284_868402380741845337_n-1024x683.jpg 1024w, https:\/\/janeladasbrincadeiras.pt\/wp-content\/uploads\/2023\/05\/349119709_908944920181284_868402380741845337_n-768x512.jpg 768w, https:\/\/janeladasbrincadeiras.pt\/wp-content\/uploads\/2023\/05\/349119709_908944920181284_868402380741845337_n-1536x1024.jpg 1536w, https:\/\/janeladasbrincadeiras.pt\/wp-content\/uploads\/2023\/05\/349119709_908944920181284_868402380741845337_n-18x12.jpg 18w, https:\/\/janeladasbrincadeiras.pt\/wp-content\/uploads\/2023\/05\/349119709_908944920181284_868402380741845337_n.jpg 2048w\" sizes=\"(max-width: 360px) 100vw, 360px\" \/>\n\t\t\t<\/dt><\/dl><dl class='gallery-item'>\n\t\t\t<dt class='gallery-icon landscape'>\n\t\t\t\t<img width=\"360\" height=\"240\" src=\"https:\/\/janeladasbrincadeiras.pt\/wp-content\/uploads\/2023\/05\/349130831_154106317517552_3652355288636069557_n-360x240.jpg\" class=\"attachment-hestia-blog size-hestia-blog\" alt=\"\" decoding=\"async\" loading=\"lazy\" srcset=\"https:\/\/janeladasbrincadeiras.pt\/wp-content\/uploads\/2023\/05\/349130831_154106317517552_3652355288636069557_n-360x240.jpg 360w, https:\/\/janeladasbrincadeiras.pt\/wp-content\/uploads\/2023\/05\/349130831_154106317517552_3652355288636069557_n-300x200.jpg 300w, https:\/\/janeladasbrincadeiras.pt\/wp-content\/uploads\/2023\/05\/349130831_154106317517552_3652355288636069557_n-1024x683.jpg 1024w, https:\/\/janeladasbrincadeiras.pt\/wp-content\/uploads\/2023\/05\/349130831_154106317517552_3652355288636069557_n-768x512.jpg 768w, https:\/\/janeladasbrincadeiras.pt\/wp-content\/uploads\/2023\/05\/349130831_154106317517552_3652355288636069557_n-1536x1024.jpg 1536w, https:\/\/janeladasbrincadeiras.pt\/wp-content\/uploads\/2023\/05\/349130831_154106317517552_3652355288636069557_n-18x12.jpg 18w, https:\/\/janeladasbrincadeiras.pt\/wp-content\/uploads\/2023\/05\/349130831_154106317517552_3652355288636069557_n.jpg 2048w\" sizes=\"(max-width: 360px) 100vw, 360px\" \/>\n\t\t\t<\/dt><\/dl><dl class='gallery-item'>\n\t\t\t<dt class='gallery-icon landscape'>\n\t\t\t\t<img width=\"360\" height=\"240\" src=\"https:\/\/janeladasbrincadeiras.pt\/wp-content\/uploads\/2023\/05\/349305214_483271900620598_974941916181947853_n-360x240.jpg\" class=\"attachment-hestia-blog size-hestia-blog\" alt=\"\" decoding=\"async\" loading=\"lazy\" srcset=\"https:\/\/janeladasbrincadeiras.pt\/wp-content\/uploads\/2023\/05\/349305214_483271900620598_974941916181947853_n-360x240.jpg 360w, https:\/\/janeladasbrincadeiras.pt\/wp-content\/uploads\/2023\/05\/349305214_483271900620598_974941916181947853_n-300x200.jpg 300w, https:\/\/janeladasbrincadeiras.pt\/wp-content\/uploads\/2023\/05\/349305214_483271900620598_974941916181947853_n-1024x683.jpg 1024w, https:\/\/janeladasbrincadeiras.pt\/wp-content\/uploads\/2023\/05\/349305214_483271900620598_974941916181947853_n-768x512.jpg 768w, https:\/\/janeladasbrincadeiras.pt\/wp-content\/uploads\/2023\/05\/349305214_483271900620598_974941916181947853_n-1536x1024.jpg 1536w, https:\/\/janeladasbrincadeiras.pt\/wp-content\/uploads\/2023\/05\/349305214_483271900620598_974941916181947853_n-18x12.jpg 18w, https:\/\/janeladasbrincadeiras.pt\/wp-content\/uploads\/2023\/05\/349305214_483271900620598_974941916181947853_n.jpg 2048w\" sizes=\"(max-width: 360px) 100vw, 360px\" \/>\n\t\t\t<\/dt><\/dl><dl class='gallery-item'>\n\t\t\t<dt class='gallery-icon landscape'>\n\t\t\t\t<img width=\"360\" height=\"240\" src=\"https:\/\/janeladasbrincadeiras.pt\/wp-content\/uploads\/2023\/05\/349152551_552912730389502_1048739024728406774_n-2-360x240.jpg\" class=\"attachment-hestia-blog size-hestia-blog\" alt=\"\" decoding=\"async\" loading=\"lazy\" srcset=\"https:\/\/janeladasbrincadeiras.pt\/wp-content\/uploads\/2023\/05\/349152551_552912730389502_1048739024728406774_n-2-360x240.jpg 360w, https:\/\/janeladasbrincadeiras.pt\/wp-content\/uploads\/2023\/05\/349152551_552912730389502_1048739024728406774_n-2-300x200.jpg 300w, https:\/\/janeladasbrincadeiras.pt\/wp-content\/uploads\/2023\/05\/349152551_552912730389502_1048739024728406774_n-2-1024x683.jpg 1024w, https:\/\/janeladasbrincadeiras.pt\/wp-content\/uploads\/2023\/05\/349152551_552912730389502_1048739024728406774_n-2-768x512.jpg 768w, https:\/\/janeladasbrincadeiras.pt\/wp-content\/uploads\/2023\/05\/349152551_552912730389502_1048739024728406774_n-2-1536x1024.jpg 1536w, https:\/\/janeladasbrincadeiras.pt\/wp-content\/uploads\/2023\/05\/349152551_552912730389502_1048739024728406774_n-2-18x12.jpg 18w, https:\/\/janeladasbrincadeiras.pt\/wp-content\/uploads\/2023\/05\/349152551_552912730389502_1048739024728406774_n-2.jpg 2048w\" sizes=\"(max-width: 360px) 100vw, 360px\" \/>\n\t\t\t<\/dt><\/dl><br style=\"clear: both\" \/><dl class='gallery-item'>\n\t\t\t<dt class='gallery-icon landscape'>\n\t\t\t\t<img width=\"360\" height=\"240\" src=\"https:\/\/janeladasbrincadeiras.pt\/wp-content\/uploads\/2023\/05\/348843384_503771351875022_6132883961528444589_n-360x240.jpg\" class=\"attachment-hestia-blog size-hestia-blog\" alt=\"\" decoding=\"async\" loading=\"lazy\" srcset=\"https:\/\/janeladasbrincadeiras.pt\/wp-content\/uploads\/2023\/05\/348843384_503771351875022_6132883961528444589_n-360x240.jpg 360w, https:\/\/janeladasbrincadeiras.pt\/wp-content\/uploads\/2023\/05\/348843384_503771351875022_6132883961528444589_n-300x200.jpg 300w, https:\/\/janeladasbrincadeiras.pt\/wp-content\/uploads\/2023\/05\/348843384_503771351875022_6132883961528444589_n-1024x683.jpg 1024w, https:\/\/janeladasbrincadeiras.pt\/wp-content\/uploads\/2023\/05\/348843384_503771351875022_6132883961528444589_n-768x512.jpg 768w, https:\/\/janeladasbrincadeiras.pt\/wp-content\/uploads\/2023\/05\/348843384_503771351875022_6132883961528444589_n-1536x1024.jpg 1536w, https:\/\/janeladasbrincadeiras.pt\/wp-content\/uploads\/2023\/05\/348843384_503771351875022_6132883961528444589_n-18x12.jpg 18w, https:\/\/janeladasbrincadeiras.pt\/wp-content\/uploads\/2023\/05\/348843384_503771351875022_6132883961528444589_n.jpg 2048w\" sizes=\"(max-width: 360px) 100vw, 360px\" \/>\n\t\t\t<\/dt><\/dl><dl class='gallery-item'>\n\t\t\t<dt class='gallery-icon landscape'>\n\t\t\t\t<img width=\"360\" height=\"240\" src=\"https:\/\/janeladasbrincadeiras.pt\/wp-content\/uploads\/2023\/05\/348832779_1485585452177964_4615050870703002675_n-360x240.jpg\" class=\"attachment-hestia-blog size-hestia-blog\" alt=\"\" decoding=\"async\" loading=\"lazy\" srcset=\"https:\/\/janeladasbrincadeiras.pt\/wp-content\/uploads\/2023\/05\/348832779_1485585452177964_4615050870703002675_n-360x240.jpg 360w, https:\/\/janeladasbrincadeiras.pt\/wp-content\/uploads\/2023\/05\/348832779_1485585452177964_4615050870703002675_n-300x200.jpg 300w, https:\/\/janeladasbrincadeiras.pt\/wp-content\/uploads\/2023\/05\/348832779_1485585452177964_4615050870703002675_n-1024x683.jpg 1024w, https:\/\/janeladasbrincadeiras.pt\/wp-content\/uploads\/2023\/05\/348832779_1485585452177964_4615050870703002675_n-768x512.jpg 768w, https:\/\/janeladasbrincadeiras.pt\/wp-content\/uploads\/2023\/05\/348832779_1485585452177964_4615050870703002675_n-1536x1024.jpg 1536w, https:\/\/janeladasbrincadeiras.pt\/wp-content\/uploads\/2023\/05\/348832779_1485585452177964_4615050870703002675_n-18x12.jpg 18w, https:\/\/janeladasbrincadeiras.pt\/wp-content\/uploads\/2023\/05\/348832779_1485585452177964_4615050870703002675_n.jpg 2048w\" sizes=\"(max-width: 360px) 100vw, 360px\" \/>\n\t\t\t<\/dt><\/dl>\n\t\t\t<br style='clear: both' \/>\n\t\t<\/div>\n\t\t<\/div>\n\t\t\t\t<\/div>\n\t\t\t\t<\/div>\n\t\t\t\t<div class=\"elementor-element elementor-element-7f5b414 elementor-widget elementor-widget-spacer\" data-id=\"7f5b414\" data-element_type=\"widget\" data-widget_type=\"spacer.default\">\n\t\t\t\t<div class=\"elementor-widget-container\">\n\t\t\t\t\t<div class=\"elementor-spacer\">\n\t\t\t<div class=\"elementor-spacer-inner\"><\/div>\n\t\t<\/div>\n\t\t\t\t<\/div>\n\t\t\t\t<\/div>\n\t\t\t\t\t\t<\/div>\n\t\t\t\t\t<\/div>\n\t\t<\/div>\n\t\t\t\t\t\t\t\t<\/div>\n\t\t\t\t\t<\/div>\n\t\t<\/section>\n\t\t\t\t\t\t<\/div>\n\t\t\t\t\t\t<\/div>\n\t\t\t\t\t<\/div>","protected":false},"excerpt":{"rendered":"<p>International Training &#8220;Migrants Inclusion Into the Education System&#8221; A Forma\u00e7\u00e3o Internacional &#8220;Migrants Inclusion Into the Education System&#8221; foi organizada pelo Instituto Nacional de Integra\u00e7\u00e3o Social em coopera\u00e7\u00e3o com a Ag\u00eancia de Assuntos Juvenis e o Erasmus +. Os participantes foram apresentados a t\u00e9cnicas internacionais com o objetivo de melhorar a [&hellip;]<\/p>","protected":false},"author":1,"featured_media":0,"parent":0,"menu_order":0,"comment_status":"closed","ping_status":"closed","template":"page-templates\/template-pagebuilder-full-width.php","meta":[],"_links":{"self":[{"href":"https:\/\/janeladasbrincadeiras.pt\/en\/wp-json\/wp\/v2\/pages\/1190"}],"collection":[{"href":"https:\/\/janeladasbrincadeiras.pt\/en\/wp-json\/wp\/v2\/pages"}],"about":[{"href":"https:\/\/janeladasbrincadeiras.pt\/en\/wp-json\/wp\/v2\/types\/page"}],"author":[{"embeddable":true,"href":"https:\/\/janeladasbrincadeiras.pt\/en\/wp-json\/wp\/v2\/users\/1"}],"replies":[{"embeddable":true,"href":"https:\/\/janeladasbrincadeiras.pt\/en\/wp-json\/wp\/v2\/comments?post=1190"}],"version-history":[{"count":13,"href":"https:\/\/janeladasbrincadeiras.pt\/en\/wp-json\/wp\/v2\/pages\/1190\/revisions"}],"predecessor-version":[{"id":1243,"href":"https:\/\/janeladasbrincadeiras.pt\/en\/wp-json\/wp\/v2\/pages\/1190\/revisions\/1243"}],"wp:attachment":[{"href":"https:\/\/janeladasbrincadeiras.pt\/en\/wp-json\/wp\/v2\/media?parent=1190"}],"curies":[{"name":"wp","href":"https:\/\/api.w.org\/{rel}","templated":true}]}}