{"id":1021,"date":"2023-03-08T12:01:47","date_gmt":"2023-03-08T12:01:47","guid":{"rendered":"https:\/\/janeladasbrincadeiras.pt\/?page_id=1021"},"modified":"2023-03-08T12:31:03","modified_gmt":"2023-03-08T12:31:03","slug":"thepowerofnonformaleducation","status":"publish","type":"page","link":"https:\/\/janeladasbrincadeiras.pt\/en\/thepowerofnonformaleducation\/","title":{"rendered":"The Power of Non-Formal Education Adult Education\u200b"},"content":{"rendered":"<div data-elementor-type=\"wp-page\" data-elementor-id=\"1021\" class=\"elementor elementor-1021\" data-elementor-settings=\"[]\">\n\t\t\t\t\t\t<div class=\"elementor-inner\">\n\t\t\t\t\t\t\t<div class=\"elementor-section-wrap\">\n\t\t\t\t\t\t\t<section class=\"elementor-section elementor-top-section elementor-element elementor-element-a728298 elementor-section-boxed elementor-section-height-default elementor-section-height-default\" data-id=\"a728298\" data-element_type=\"section\">\n\t\t\t\t\t\t<div class=\"elementor-container elementor-column-gap-default\">\n\t\t\t\t\t\t\t<div class=\"elementor-row\">\n\t\t\t\t\t<div class=\"elementor-column elementor-col-50 elementor-top-column elementor-element elementor-element-b23c1ac\" data-id=\"b23c1ac\" data-element_type=\"column\">\n\t\t\t<div class=\"elementor-column-wrap elementor-element-populated\">\n\t\t\t\t\t\t\t<div class=\"elementor-widget-wrap\">\n\t\t\t\t\t\t<div class=\"elementor-element elementor-element-a95a3ee elementor-widget elementor-widget-heading\" data-id=\"a95a3ee\" data-element_type=\"widget\" data-widget_type=\"heading.default\">\n\t\t\t\t<div class=\"elementor-widget-container\">\n\t\t\t<h2 class=\"elementor-heading-title elementor-size-default\">THE POWER OF NON FORMAL EDUCATION\nAdult Education<\/h2>\t\t<\/div>\n\t\t\t\t<\/div>\n\t\t\t\t\t\t<\/div>\n\t\t\t\t\t<\/div>\n\t\t<\/div>\n\t\t\t\t<div class=\"elementor-column elementor-col-50 elementor-top-column elementor-element elementor-element-cfb5d3b\" data-id=\"cfb5d3b\" data-element_type=\"column\">\n\t\t\t<div class=\"elementor-column-wrap elementor-element-populated\">\n\t\t\t\t\t\t\t<div class=\"elementor-widget-wrap\">\n\t\t\t\t\t\t<div class=\"elementor-element elementor-element-2936911 elementor-widget elementor-widget-image\" data-id=\"2936911\" data-element_type=\"widget\" data-widget_type=\"image.default\">\n\t\t\t\t<div class=\"elementor-widget-container\">\n\t\t\t\t\t<div class=\"elementor-image\">\n\t\t\t\t\t\t\t\t\t\t<img width=\"435\" height=\"258\" src=\"https:\/\/janeladasbrincadeiras.pt\/wp-content\/uploads\/2023\/03\/NFE-O.png\" class=\"attachment-full size-full\" alt=\"\" decoding=\"async\" loading=\"lazy\" srcset=\"https:\/\/janeladasbrincadeiras.pt\/wp-content\/uploads\/2023\/03\/NFE-O.png 435w, https:\/\/janeladasbrincadeiras.pt\/wp-content\/uploads\/2023\/03\/NFE-O-300x178.png 300w, https:\/\/janeladasbrincadeiras.pt\/wp-content\/uploads\/2023\/03\/NFE-O-18x12.png 18w\" sizes=\"(max-width: 435px) 100vw, 435px\" \/>\t\t\t\t\t\t\t\t\t\t\t<\/div>\n\t\t\t\t<\/div>\n\t\t\t\t<\/div>\n\t\t\t\t\t\t<\/div>\n\t\t\t\t\t<\/div>\n\t\t<\/div>\n\t\t\t\t\t\t\t\t<\/div>\n\t\t\t\t\t<\/div>\n\t\t<\/section>\n\t\t\t\t<section class=\"elementor-section elementor-top-section elementor-element elementor-element-a200dbd elementor-section-boxed elementor-section-height-default elementor-section-height-default\" data-id=\"a200dbd\" data-element_type=\"section\">\n\t\t\t\t\t\t<div class=\"elementor-container elementor-column-gap-default\">\n\t\t\t\t\t\t\t<div class=\"elementor-row\">\n\t\t\t\t\t<div class=\"elementor-column elementor-col-100 elementor-top-column elementor-element elementor-element-daf29ed\" data-id=\"daf29ed\" data-element_type=\"column\">\n\t\t\t<div class=\"elementor-column-wrap elementor-element-populated\">\n\t\t\t\t\t\t\t<div class=\"elementor-widget-wrap\">\n\t\t\t\t\t\t<div class=\"elementor-element elementor-element-8ab889e elementor-widget elementor-widget-spacer\" data-id=\"8ab889e\" data-element_type=\"widget\" data-widget_type=\"spacer.default\">\n\t\t\t\t<div class=\"elementor-widget-container\">\n\t\t\t\t\t<div class=\"elementor-spacer\">\n\t\t\t<div class=\"elementor-spacer-inner\"><\/div>\n\t\t<\/div>\n\t\t\t\t<\/div>\n\t\t\t\t<\/div>\n\t\t\t\t<div class=\"elementor-element elementor-element-6cbc253 elementor-widget elementor-widget-text-editor\" data-id=\"6cbc253\" data-element_type=\"widget\" data-widget_type=\"text-editor.default\">\n\t\t\t\t<div class=\"elementor-widget-container\">\n\t\t\t\t\t<div class=\"elementor-text-editor elementor-clearfix\"><p>The Training and Cooperation Activity (TCA) The Power of Non Formal Education was organized by the Finnish National Agency for Education.<\/p>\n<p>The objective of this training was to promote complementarity between actors in the formal and non-formal education sectors towards a more inclusive society, and to improve the impact of educational processes using non-formal education principles and approaches, as well as to create empowerment opportunities for people involved in adult education.&nbsp;<\/p>\n<p><span style=\"font-size: inherit;\">About 28 people of 18 different nationalities working in the area gathered at Pikku-Sy\u00f6te in Pudasj\u00e4rvi between January 29 and February 3, 2023.&nbsp;<\/span><\/p><\/div>\n\t\t\t\t<\/div>\n\t\t\t\t<\/div>\n\t\t\t\t\t\t<\/div>\n\t\t\t\t\t<\/div>\n\t\t<\/div>\n\t\t\t\t\t\t\t\t<\/div>\n\t\t\t\t\t<\/div>\n\t\t<\/section>\n\t\t\t\t<section class=\"elementor-section elementor-top-section elementor-element elementor-element-30ac22f elementor-section-boxed elementor-section-height-default elementor-section-height-default\" data-id=\"30ac22f\" data-element_type=\"section\">\n\t\t\t\t\t\t<div class=\"elementor-container elementor-column-gap-narrow\">\n\t\t\t\t\t\t\t<div class=\"elementor-row\">\n\t\t\t\t\t<div class=\"elementor-column elementor-col-100 elementor-top-column elementor-element elementor-element-14fc9bc\" data-id=\"14fc9bc\" data-element_type=\"column\">\n\t\t\t<div class=\"elementor-column-wrap elementor-element-populated\">\n\t\t\t\t\t\t\t<div class=\"elementor-widget-wrap\">\n\t\t\t\t\t\t<div class=\"elementor-element elementor-element-f54c3da elementor-invisible elementor-widget elementor-widget-image-gallery\" data-id=\"f54c3da\" data-element_type=\"widget\" data-settings=\"{&quot;_animation&quot;:&quot;none&quot;}\" data-widget_type=\"image-gallery.default\">\n\t\t\t\t<div class=\"elementor-widget-container\">\n\t\t\t\t\t<div class=\"elementor-image-gallery\">\n\t\t\t\n\t\t<style type=\"text\/css\">\n\t\t\t#gallery-1 {\n\t\t\t\tmargin: auto;\n\t\t\t}\n\t\t\t#gallery-1 .gallery-item {\n\t\t\t\tfloat: left;\n\t\t\t\tmargin-top: 10px;\n\t\t\t\ttext-align: center;\n\t\t\t\twidth: 25%;\n\t\t\t}\n\t\t\t#gallery-1 img {\n\t\t\t\tborder: 2px solid #cfcfcf;\n\t\t\t}\n\t\t\t#gallery-1 .gallery-caption {\n\t\t\t\tmargin-left: 0;\n\t\t\t}\n\t\t\t\/* see gallery_shortcode() in wp-includes\/media.php *\/\n\t\t<\/style>\n\t\t<div id='gallery-1' class='gallery galleryid-1021 gallery-columns-4 gallery-size-hestia-blog'><dl class='gallery-item'>\n\t\t\t<dt class='gallery-icon landscape'>\n\t\t\t\t<img width=\"360\" height=\"240\" src=\"https:\/\/janeladasbrincadeiras.pt\/wp-content\/uploads\/2023\/03\/328461085_752170816062967_6531724398315532475_n-360x240.jpg\" class=\"attachment-hestia-blog size-hestia-blog\" alt=\"\" decoding=\"async\" loading=\"lazy\" srcset=\"https:\/\/janeladasbrincadeiras.pt\/wp-content\/uploads\/2023\/03\/328461085_752170816062967_6531724398315532475_n-360x240.jpg 360w, https:\/\/janeladasbrincadeiras.pt\/wp-content\/uploads\/2023\/03\/328461085_752170816062967_6531724398315532475_n-16x12.jpg 16w\" sizes=\"(max-width: 360px) 100vw, 360px\" \/>\n\t\t\t<\/dt><\/dl><dl class='gallery-item'>\n\t\t\t<dt class='gallery-icon landscape'>\n\t\t\t\t<img width=\"360\" height=\"240\" src=\"https:\/\/janeladasbrincadeiras.pt\/wp-content\/uploads\/2023\/03\/IMG_1921-360x240.jpg\" class=\"attachment-hestia-blog size-hestia-blog\" alt=\"\" decoding=\"async\" loading=\"lazy\" srcset=\"https:\/\/janeladasbrincadeiras.pt\/wp-content\/uploads\/2023\/03\/IMG_1921-360x240.jpg 360w, https:\/\/janeladasbrincadeiras.pt\/wp-content\/uploads\/2023\/03\/IMG_1921-16x12.jpg 16w\" sizes=\"(max-width: 360px) 100vw, 360px\" \/>\n\t\t\t<\/dt><\/dl><dl class='gallery-item'>\n\t\t\t<dt class='gallery-icon landscape'>\n\t\t\t\t<img width=\"360\" height=\"240\" src=\"https:\/\/janeladasbrincadeiras.pt\/wp-content\/uploads\/2023\/03\/IMG_1934-360x240.jpg\" class=\"attachment-hestia-blog size-hestia-blog\" alt=\"\" decoding=\"async\" loading=\"lazy\" srcset=\"https:\/\/janeladasbrincadeiras.pt\/wp-content\/uploads\/2023\/03\/IMG_1934-360x240.jpg 360w, https:\/\/janeladasbrincadeiras.pt\/wp-content\/uploads\/2023\/03\/IMG_1934-16x12.jpg 16w\" sizes=\"(max-width: 360px) 100vw, 360px\" \/>\n\t\t\t<\/dt><\/dl><dl class='gallery-item'>\n\t\t\t<dt class='gallery-icon landscape'>\n\t\t\t\t<img width=\"360\" height=\"240\" src=\"https:\/\/janeladasbrincadeiras.pt\/wp-content\/uploads\/2023\/03\/IMG_1705-360x240.jpg\" class=\"attachment-hestia-blog size-hestia-blog\" alt=\"\" decoding=\"async\" loading=\"lazy\" srcset=\"https:\/\/janeladasbrincadeiras.pt\/wp-content\/uploads\/2023\/03\/IMG_1705-360x240.jpg 360w, https:\/\/janeladasbrincadeiras.pt\/wp-content\/uploads\/2023\/03\/IMG_1705-16x12.jpg 16w\" sizes=\"(max-width: 360px) 100vw, 360px\" \/>\n\t\t\t<\/dt><\/dl><br style=\"clear: both\" \/><dl class='gallery-item'>\n\t\t\t<dt class='gallery-icon landscape'>\n\t\t\t\t<img width=\"360\" height=\"240\" src=\"https:\/\/janeladasbrincadeiras.pt\/wp-content\/uploads\/2023\/03\/IMG_1920-360x240.jpg\" class=\"attachment-hestia-blog size-hestia-blog\" alt=\"\" decoding=\"async\" loading=\"lazy\" srcset=\"https:\/\/janeladasbrincadeiras.pt\/wp-content\/uploads\/2023\/03\/IMG_1920-360x240.jpg 360w, https:\/\/janeladasbrincadeiras.pt\/wp-content\/uploads\/2023\/03\/IMG_1920-16x12.jpg 16w\" sizes=\"(max-width: 360px) 100vw, 360px\" \/>\n\t\t\t<\/dt><\/dl><dl class='gallery-item'>\n\t\t\t<dt class='gallery-icon portrait'>\n\t\t\t\t<img width=\"360\" height=\"240\" src=\"https:\/\/janeladasbrincadeiras.pt\/wp-content\/uploads\/2023\/03\/IMG_1759-360x240.jpg\" class=\"attachment-hestia-blog size-hestia-blog\" alt=\"\" decoding=\"async\" loading=\"lazy\" \/>\n\t\t\t<\/dt><\/dl><dl class='gallery-item'>\n\t\t\t<dt class='gallery-icon portrait'>\n\t\t\t\t<img width=\"360\" height=\"240\" src=\"https:\/\/janeladasbrincadeiras.pt\/wp-content\/uploads\/2023\/03\/c44817e7-af9d-4bbf-a986-18d1d8b185aa-360x240.jpg\" class=\"attachment-hestia-blog size-hestia-blog\" alt=\"\" decoding=\"async\" loading=\"lazy\" \/>\n\t\t\t<\/dt><\/dl><dl class='gallery-item'>\n\t\t\t<dt class='gallery-icon landscape'>\n\t\t\t\t<img width=\"360\" height=\"240\" src=\"https:\/\/janeladasbrincadeiras.pt\/wp-content\/uploads\/2023\/03\/328616247_544000164368632_6870043201407117977_n-360x240.jpg\" class=\"attachment-hestia-blog size-hestia-blog\" alt=\"\" decoding=\"async\" loading=\"lazy\" srcset=\"https:\/\/janeladasbrincadeiras.pt\/wp-content\/uploads\/2023\/03\/328616247_544000164368632_6870043201407117977_n-360x240.jpg 360w, https:\/\/janeladasbrincadeiras.pt\/wp-content\/uploads\/2023\/03\/328616247_544000164368632_6870043201407117977_n-16x12.jpg 16w\" sizes=\"(max-width: 360px) 100vw, 360px\" \/>\n\t\t\t<\/dt><\/dl><br style=\"clear: both\" \/>\n\t\t<\/div>\n\t\t<\/div>\n\t\t\t\t<\/div>\n\t\t\t\t<\/div>\n\t\t\t\t<div class=\"elementor-element elementor-element-7f5b414 elementor-widget elementor-widget-spacer\" data-id=\"7f5b414\" data-element_type=\"widget\" data-widget_type=\"spacer.default\">\n\t\t\t\t<div class=\"elementor-widget-container\">\n\t\t\t\t\t<div class=\"elementor-spacer\">\n\t\t\t<div class=\"elementor-spacer-inner\"><\/div>\n\t\t<\/div>\n\t\t\t\t<\/div>\n\t\t\t\t<\/div>\n\t\t\t\t\t\t<\/div>\n\t\t\t\t\t<\/div>\n\t\t<\/div>\n\t\t\t\t\t\t\t\t<\/div>\n\t\t\t\t\t<\/div>\n\t\t<\/section>\n\t\t\t\t\t\t<\/div>\n\t\t\t\t\t\t<\/div>\n\t\t\t\t\t<\/div>","protected":false},"excerpt":{"rendered":"<p>THE POWER OF NON FORMAL EDUCATION Adult Education A Atividade de Forma\u00e7\u00e3o e Coopera\u00e7\u00e3o (TCA) The Power of Non Formal Education foi organizada pela Ag\u00eancia Nacional para a Educa\u00e7\u00e3o Finlandesa. O objetivo desta forma\u00e7\u00e3o foi promover a complementaridade entre os atores dos setores da educa\u00e7\u00e3o formal e n\u00e3o-formal no sentido [&hellip;]<\/p>","protected":false},"author":1,"featured_media":0,"parent":0,"menu_order":0,"comment_status":"closed","ping_status":"closed","template":"page-templates\/template-pagebuilder-full-width.php","meta":[],"_links":{"self":[{"href":"https:\/\/janeladasbrincadeiras.pt\/en\/wp-json\/wp\/v2\/pages\/1021"}],"collection":[{"href":"https:\/\/janeladasbrincadeiras.pt\/en\/wp-json\/wp\/v2\/pages"}],"about":[{"href":"https:\/\/janeladasbrincadeiras.pt\/en\/wp-json\/wp\/v2\/types\/page"}],"author":[{"embeddable":true,"href":"https:\/\/janeladasbrincadeiras.pt\/en\/wp-json\/wp\/v2\/users\/1"}],"replies":[{"embeddable":true,"href":"https:\/\/janeladasbrincadeiras.pt\/en\/wp-json\/wp\/v2\/comments?post=1021"}],"version-history":[{"count":7,"href":"https:\/\/janeladasbrincadeiras.pt\/en\/wp-json\/wp\/v2\/pages\/1021\/revisions"}],"predecessor-version":[{"id":1050,"href":"https:\/\/janeladasbrincadeiras.pt\/en\/wp-json\/wp\/v2\/pages\/1021\/revisions\/1050"}],"wp:attachment":[{"href":"https:\/\/janeladasbrincadeiras.pt\/en\/wp-json\/wp\/v2\/media?parent=1021"}],"curies":[{"name":"wp","href":"https:\/\/api.w.org\/{rel}","templated":true}]}}