{"id":100,"date":"2020-10-07T18:36:11","date_gmt":"2020-10-07T17:36:11","guid":{"rendered":"http:\/\/janeladasbrincadeiras.pt\/?page_id=100"},"modified":"2022-11-03T15:25:08","modified_gmt":"2022-11-03T15:25:08","slug":"projetos","status":"publish","type":"page","link":"https:\/\/janeladasbrincadeiras.pt\/en\/projetos\/","title":{"rendered":"Projects"},"content":{"rendered":"<div data-elementor-type=\"wp-page\" data-elementor-id=\"100\" class=\"elementor elementor-100\" data-elementor-settings=\"[]\">\n\t\t\t\t\t\t<div class=\"elementor-inner\">\n\t\t\t\t\t\t\t<div class=\"elementor-section-wrap\">\n\t\t\t\t\t\t\t<section class=\"elementor-section elementor-top-section elementor-element elementor-element-b25772d elementor-section-boxed elementor-section-height-default elementor-section-height-default\" data-id=\"b25772d\" data-element_type=\"section\" data-settings=\"{&quot;background_background&quot;:&quot;classic&quot;}\">\n\t\t\t\t\t\t<div class=\"elementor-container elementor-column-gap-default\">\n\t\t\t\t\t\t\t<div class=\"elementor-row\">\n\t\t\t\t\t<div class=\"elementor-column elementor-col-100 elementor-top-column elementor-element elementor-element-ce8889c\" data-id=\"ce8889c\" data-element_type=\"column\">\n\t\t\t<div class=\"elementor-column-wrap elementor-element-populated\">\n\t\t\t\t\t\t\t<div class=\"elementor-widget-wrap\">\n\t\t\t\t\t\t<div class=\"elementor-element elementor-element-687c5c2 elementor-widget elementor-widget-spacer\" data-id=\"687c5c2\" data-element_type=\"widget\" data-widget_type=\"spacer.default\">\n\t\t\t\t<div class=\"elementor-widget-container\">\n\t\t\t\t\t<div class=\"elementor-spacer\">\n\t\t\t<div class=\"elementor-spacer-inner\"><\/div>\n\t\t<\/div>\n\t\t\t\t<\/div>\n\t\t\t\t<\/div>\n\t\t\t\t<div class=\"elementor-element elementor-element-884df45 elementor-widget elementor-widget-heading\" data-id=\"884df45\" data-element_type=\"widget\" data-widget_type=\"heading.default\">\n\t\t\t\t<div class=\"elementor-widget-container\">\n\t\t\t<h2 class=\"elementor-heading-title elementor-size-default\">PROJECTS<\/h2>\t\t<\/div>\n\t\t\t\t<\/div>\n\t\t\t\t<div class=\"elementor-element elementor-element-81c1dec elementor-widget elementor-widget-spacer\" data-id=\"81c1dec\" data-element_type=\"widget\" data-widget_type=\"spacer.default\">\n\t\t\t\t<div class=\"elementor-widget-container\">\n\t\t\t\t\t<div class=\"elementor-spacer\">\n\t\t\t<div class=\"elementor-spacer-inner\"><\/div>\n\t\t<\/div>\n\t\t\t\t<\/div>\n\t\t\t\t<\/div>\n\t\t\t\t\t\t<\/div>\n\t\t\t\t\t<\/div>\n\t\t<\/div>\n\t\t\t\t\t\t\t\t<\/div>\n\t\t\t\t\t<\/div>\n\t\t<\/section>\n\t\t\t\t<section class=\"elementor-section elementor-top-section elementor-element elementor-element-eb0376f elementor-section-content-middle elementor-reverse-mobile animated-slow elementor-section-boxed elementor-section-height-default elementor-section-height-default elementor-invisible\" data-id=\"eb0376f\" data-element_type=\"section\" data-settings=\"{&quot;animation&quot;:&quot;fadeIn&quot;,&quot;animation_delay&quot;:100}\">\n\t\t\t\t\t\t\t<div class=\"elementor-background-overlay\"><\/div>\n\t\t\t\t\t\t\t<div class=\"elementor-container elementor-column-gap-no\">\n\t\t\t\t\t\t\t<div class=\"elementor-row\">\n\t\t\t\t\t<div class=\"elementor-column elementor-col-50 elementor-top-column elementor-element elementor-element-956fa5d\" data-id=\"956fa5d\" data-element_type=\"column\">\n\t\t\t<div class=\"elementor-column-wrap elementor-element-populated\">\n\t\t\t\t\t\t\t<div class=\"elementor-widget-wrap\">\n\t\t\t\t\t\t<div class=\"elementor-element elementor-element-48c92eb elementor-widget elementor-widget-heading\" data-id=\"48c92eb\" data-element_type=\"widget\" data-widget_type=\"heading.default\">\n\t\t\t\t<div class=\"elementor-widget-container\">\n\t\t\t<h3 class=\"elementor-heading-title elementor-size-default\">ERASMUS KA1, KA2, KA3<br>PARTNERSHIPS AND COORDINATION<\/h3>\t\t<\/div>\n\t\t\t\t<\/div>\n\t\t\t\t<div class=\"elementor-element elementor-element-f339187 elementor-widget elementor-widget-text-editor\" data-id=\"f339187\" data-element_type=\"widget\" data-widget_type=\"text-editor.default\">\n\t\t\t\t<div class=\"elementor-widget-container\">\n\t\t\t\t\t<div class=\"elementor-text-editor elementor-clearfix\"><p>Janela das Brincadeiras has been participating in Erasmus partnerships with NGOs in several European countries since 2018.<\/p><p>We are also able and available to set up new partnerships in various Erasmus projects, either as partners or as coordinators.<\/p><\/div>\n\t\t\t\t<\/div>\n\t\t\t\t<\/div>\n\t\t\t\t\t\t<\/div>\n\t\t\t\t\t<\/div>\n\t\t<\/div>\n\t\t\t\t<div class=\"elementor-column elementor-col-50 elementor-top-column elementor-element elementor-element-115c595\" data-id=\"115c595\" data-element_type=\"column\">\n\t\t\t<div class=\"elementor-column-wrap elementor-element-populated\">\n\t\t\t\t\t\t\t<div class=\"elementor-widget-wrap\">\n\t\t\t\t\t\t<div class=\"elementor-element elementor-element-7e06093 elementor-widget elementor-widget-image\" data-id=\"7e06093\" data-element_type=\"widget\" data-widget_type=\"image.default\">\n\t\t\t\t<div class=\"elementor-widget-container\">\n\t\t\t\t\t<div class=\"elementor-image\">\n\t\t\t\t\t\t\t\t\t\t<img width=\"1440\" height=\"849\" src=\"https:\/\/janeladasbrincadeiras.pt\/wp-content\/uploads\/2022\/11\/erasmusdfsfsdf1.jpg\" class=\"attachment-2048x2048 size-2048x2048\" alt=\"\" decoding=\"async\" loading=\"lazy\" srcset=\"https:\/\/janeladasbrincadeiras.pt\/wp-content\/uploads\/2022\/11\/erasmusdfsfsdf1.jpg 1440w, https:\/\/janeladasbrincadeiras.pt\/wp-content\/uploads\/2022\/11\/erasmusdfsfsdf1-300x177.jpg 300w, https:\/\/janeladasbrincadeiras.pt\/wp-content\/uploads\/2022\/11\/erasmusdfsfsdf1-1024x604.jpg 1024w, https:\/\/janeladasbrincadeiras.pt\/wp-content\/uploads\/2022\/11\/erasmusdfsfsdf1-768x453.jpg 768w\" sizes=\"(max-width: 1440px) 100vw, 1440px\" \/>\t\t\t\t\t\t\t\t\t\t\t<\/div>\n\t\t\t\t<\/div>\n\t\t\t\t<\/div>\n\t\t\t\t\t\t<\/div>\n\t\t\t\t\t<\/div>\n\t\t<\/div>\n\t\t\t\t\t\t\t\t<\/div>\n\t\t\t\t\t<\/div>\n\t\t<\/section>\n\t\t\t\t<section class=\"elementor-section elementor-top-section elementor-element elementor-element-fe8fbb1 elementor-section-content-middle elementor-reverse-mobile animated-slow elementor-section-boxed elementor-section-height-default elementor-section-height-default elementor-invisible\" data-id=\"fe8fbb1\" data-element_type=\"section\" data-settings=\"{&quot;animation&quot;:&quot;fadeIn&quot;,&quot;animation_delay&quot;:200}\">\n\t\t\t\t\t\t<div class=\"elementor-container elementor-column-gap-no\">\n\t\t\t\t\t\t\t<div class=\"elementor-row\">\n\t\t\t\t\t<div class=\"elementor-column elementor-col-50 elementor-top-column elementor-element elementor-element-2f34bd8\" data-id=\"2f34bd8\" data-element_type=\"column\">\n\t\t\t<div class=\"elementor-column-wrap elementor-element-populated\">\n\t\t\t\t\t\t\t<div class=\"elementor-widget-wrap\">\n\t\t\t\t\t\t<div class=\"elementor-element elementor-element-7fe8bbf elementor-widget elementor-widget-image\" data-id=\"7fe8bbf\" data-element_type=\"widget\" data-widget_type=\"image.default\">\n\t\t\t\t<div class=\"elementor-widget-container\">\n\t\t\t\t\t<div class=\"elementor-image\">\n\t\t\t\t\t\t\t\t\t\t<img width=\"1200\" height=\"800\" src=\"https:\/\/janeladasbrincadeiras.pt\/wp-content\/uploads\/2020\/10\/flag-bridge-1498987.jpg\" class=\"attachment-2048x2048 size-2048x2048\" alt=\"\" decoding=\"async\" loading=\"lazy\" srcset=\"https:\/\/janeladasbrincadeiras.pt\/wp-content\/uploads\/2020\/10\/flag-bridge-1498987.jpg 1200w, https:\/\/janeladasbrincadeiras.pt\/wp-content\/uploads\/2020\/10\/flag-bridge-1498987-300x200.jpg 300w, https:\/\/janeladasbrincadeiras.pt\/wp-content\/uploads\/2020\/10\/flag-bridge-1498987-1024x683.jpg 1024w, https:\/\/janeladasbrincadeiras.pt\/wp-content\/uploads\/2020\/10\/flag-bridge-1498987-768x512.jpg 768w, https:\/\/janeladasbrincadeiras.pt\/wp-content\/uploads\/2020\/10\/flag-bridge-1498987-360x240.jpg 360w\" sizes=\"(max-width: 1200px) 100vw, 1200px\" \/>\t\t\t\t\t\t\t\t\t\t\t<\/div>\n\t\t\t\t<\/div>\n\t\t\t\t<\/div>\n\t\t\t\t\t\t<\/div>\n\t\t\t\t\t<\/div>\n\t\t<\/div>\n\t\t\t\t<div class=\"elementor-column elementor-col-50 elementor-top-column elementor-element elementor-element-41a85a8\" data-id=\"41a85a8\" data-element_type=\"column\">\n\t\t\t<div class=\"elementor-column-wrap elementor-element-populated\">\n\t\t\t\t\t\t\t<div class=\"elementor-widget-wrap\">\n\t\t\t\t\t\t<div class=\"elementor-element elementor-element-c012bb7 elementor-widget elementor-widget-heading\" data-id=\"c012bb7\" data-element_type=\"widget\" data-widget_type=\"heading.default\">\n\t\t\t\t<div class=\"elementor-widget-container\">\n\t\t\t<h3 class=\"elementor-heading-title elementor-size-default\">NATIONAL PROJECTS<\/h3>\t\t<\/div>\n\t\t\t\t<\/div>\n\t\t\t\t<div class=\"elementor-element elementor-element-c2a030a elementor-widget elementor-widget-text-editor\" data-id=\"c2a030a\" data-element_type=\"widget\" data-widget_type=\"text-editor.default\">\n\t\t\t\t<div class=\"elementor-widget-container\">\n\t\t\t\t\t<div class=\"elementor-text-editor elementor-clearfix\"><p>Like the Erasmus projects, internally Janela das Brincadeiras regularly competes for national initiatives, such as the Calouste Gulbenkian Foundation, the Montepio Foundation, among others.<\/p><\/div>\n\t\t\t\t<\/div>\n\t\t\t\t<\/div>\n\t\t\t\t\t\t<\/div>\n\t\t\t\t\t<\/div>\n\t\t<\/div>\n\t\t\t\t\t\t\t\t<\/div>\n\t\t\t\t\t<\/div>\n\t\t<\/section>\n\t\t\t\t\t\t<\/div>\n\t\t\t\t\t\t<\/div>\n\t\t\t\t\t<\/div>","protected":false},"excerpt":{"rendered":"<p>PROJETOS ERASMUS KA1, KA2, KA3PARCERIAS E COORDENA\u00c7\u00c3O A Janela das Brincadeiras participa desde 2018 em parcerias Erasmus com ONG\u2019s de v\u00e1rios pa\u00edses europeus. Estamos tamb\u00e9m habilitados e dispon\u00edveis para constituir novas parcerias nos mais variados projetos Erasmus, quer seja como parceiros ou como coordenadores. PROJETOS NACIONAIS \u00c0 semelhan\u00e7a dos projetos [&hellip;]<\/p>","protected":false},"author":1,"featured_media":0,"parent":0,"menu_order":0,"comment_status":"closed","ping_status":"closed","template":"page-templates\/template-pagebuilder-full-width.php","meta":[],"_links":{"self":[{"href":"https:\/\/janeladasbrincadeiras.pt\/en\/wp-json\/wp\/v2\/pages\/100"}],"collection":[{"href":"https:\/\/janeladasbrincadeiras.pt\/en\/wp-json\/wp\/v2\/pages"}],"about":[{"href":"https:\/\/janeladasbrincadeiras.pt\/en\/wp-json\/wp\/v2\/types\/page"}],"author":[{"embeddable":true,"href":"https:\/\/janeladasbrincadeiras.pt\/en\/wp-json\/wp\/v2\/users\/1"}],"replies":[{"embeddable":true,"href":"https:\/\/janeladasbrincadeiras.pt\/en\/wp-json\/wp\/v2\/comments?post=100"}],"version-history":[{"count":9,"href":"https:\/\/janeladasbrincadeiras.pt\/en\/wp-json\/wp\/v2\/pages\/100\/revisions"}],"predecessor-version":[{"id":558,"href":"https:\/\/janeladasbrincadeiras.pt\/en\/wp-json\/wp\/v2\/pages\/100\/revisions\/558"}],"wp:attachment":[{"href":"https:\/\/janeladasbrincadeiras.pt\/en\/wp-json\/wp\/v2\/media?parent=100"}],"curies":[{"name":"wp","href":"https:\/\/api.w.org\/{rel}","templated":true}]}}